{"id":349,"date":"2025-12-31T21:18:31","date_gmt":"2025-12-31T21:18:31","guid":{"rendered":"https:\/\/haloper.cluster100.hosting.ovh.net\/?page_id=349"},"modified":"2026-01-17T11:15:26","modified_gmt":"2026-01-17T11:15:26","slug":"rejoins-nous","status":"publish","type":"page","link":"https:\/\/halopedago.be\/index.php\/rejoins-nous\/","title":{"rendered":"Rejoins-nous!"},"content":{"rendered":"<style>.elementor-349 .elementor-element.elementor-element-a45284b:not(.elementor-motion-effects-element-type-background), .elementor-349 .elementor-element.elementor-element-a45284b > .elementor-motion-effects-container > .elementor-motion-effects-layer{background-color:#FFF5D9;}.elementor-349 .elementor-element.elementor-element-a45284b > .elementor-background-overlay{background-image:url(\"https:\/\/halopedago.be\/wp-content\/uploads\/2025\/12\/Bg-Page.png\");background-position:center center;background-repeat:no-repeat;background-size:cover;opacity:0.35;transition:background 0.3s, border-radius 0.3s, opacity 0.3s;}.elementor-349 .elementor-element.elementor-element-a45284b > .elementor-container{max-width:1320px;}.elementor-349 .elementor-element.elementor-element-a45284b{transition:background 0.3s, border 0.3s, border-radius 0.3s, box-shadow 0.3s;padding:0350px 0px 160px 0px;}.elementor-349 .elementor-element.elementor-element-a45284b > .elementor-shape-bottom svg{width:calc(115% + 1.3px);height:165px;}.elementor-349 .elementor-element.elementor-element-a363bda > .elementor-element-populated{padding:0px 0px 0px 0px;}.elementor-349 .elementor-element.elementor-element-8cf0651{text-align:center;}.elementor-349 .elementor-element.elementor-element-8cf0651 .elementor-heading-title{font-family:var( --e-global-typography-0056fda-font-family ), Sans-serif;font-size:var( --e-global-typography-0056fda-font-size );font-weight:var( --e-global-typography-0056fda-font-weight );line-height:var( --e-global-typography-0056fda-line-height );}.elementor-349 .elementor-element.elementor-element-ef859b8 .elementor-icon-list-items:not(.elementor-inline-items) .elementor-icon-list-item:not(:last-child){padding-block-end:calc(10px\/2);}.elementor-349 .elementor-element.elementor-element-ef859b8 .elementor-icon-list-items:not(.elementor-inline-items) .elementor-icon-list-item:not(:first-child){margin-block-start:calc(10px\/2);}.elementor-349 .elementor-element.elementor-element-ef859b8 .elementor-icon-list-items.elementor-inline-items .elementor-icon-list-item{margin-inline:calc(10px\/2);}.elementor-349 .elementor-element.elementor-element-ef859b8 .elementor-icon-list-items.elementor-inline-items{margin-inline:calc(-10px\/2);}.elementor-349 .elementor-element.elementor-element-ef859b8 .elementor-icon-list-items.elementor-inline-items .elementor-icon-list-item:after{inset-inline-end:calc(-10px\/2);}.elementor-349 .elementor-element.elementor-element-ef859b8 .elementor-icon-list-icon i{color:var( --e-global-color-accent );transition:color 0.3s;}.elementor-349 .elementor-element.elementor-element-ef859b8 .elementor-icon-list-icon svg{fill:var( --e-global-color-accent );transition:fill 0.3s;}.elementor-349 .elementor-element.elementor-element-ef859b8{--e-icon-list-icon-size:14px;--icon-vertical-offset:0px;}.elementor-349 .elementor-element.elementor-element-ef859b8 .elementor-icon-list-icon{padding-inline-end:10px;}.elementor-349 .elementor-element.elementor-element-ef859b8 .elementor-icon-list-item > .elementor-icon-list-text, .elementor-349 .elementor-element.elementor-element-ef859b8 .elementor-icon-list-item > a{font-family:var( --e-global-typography-accent-font-family ), Sans-serif;font-size:var( --e-global-typography-accent-font-size );font-weight:var( --e-global-typography-accent-font-weight );}.elementor-349 .elementor-element.elementor-element-ef859b8 .elementor-icon-list-text{color:var( --e-global-color-text );transition:color 0.3s;}.elementor-349 .elementor-element.elementor-element-62545e76:not(.elementor-motion-effects-element-type-background), .elementor-349 .elementor-element.elementor-element-62545e76 > .elementor-motion-effects-container > .elementor-motion-effects-layer{background-color:#FFFFFF;}.elementor-349 .elementor-element.elementor-element-62545e76{transition:background 0.3s, border 0.3s, border-radius 0.3s, box-shadow 0.3s;padding:40px 40px 60px 40px;}.elementor-349 .elementor-element.elementor-element-62545e76 > .elementor-background-overlay{transition:background 0.3s, border-radius 0.3s, opacity 0.3s;}.elementor-bc-flex-widget .elementor-349 .elementor-element.elementor-element-280350e.elementor-column .elementor-widget-wrap{align-items:flex-start;}.elementor-349 .elementor-element.elementor-element-280350e.elementor-column.elementor-element[data-element_type=\"column\"] > .elementor-widget-wrap.elementor-element-populated{align-content:flex-start;align-items:flex-start;}.elementor-349 .elementor-element.elementor-element-280350e > .elementor-element-populated{padding:0px 0px 0px 0px;}.elementor-349 .elementor-element.elementor-element-486363a{text-align:center;}.elementor-349 .elementor-element.elementor-element-486363a .elementor-heading-title{font-family:\"Nunito\", Sans-serif;font-size:36px;font-weight:700;color:#0D9488;}.elementor-349 .elementor-element.elementor-element-21df9415{padding:0px 0px 30px 0px;text-align:center;font-family:\"Nunito\", Sans-serif;font-size:14px;color:#3D3A2E;}.elementor-349 .elementor-element.elementor-element-58c19d97 .elementor-field-group{padding-right:calc( 10px\/2 );padding-left:calc( 10px\/2 );margin-bottom:20px;}.elementor-349 .elementor-element.elementor-element-58c19d97 .elementor-form-fields-wrapper{margin-left:calc( -10px\/2 );margin-right:calc( -10px\/2 );margin-bottom:-20px;}.elementor-349 .elementor-element.elementor-element-58c19d97 .elementor-field-group.recaptcha_v3-bottomleft, .elementor-349 .elementor-element.elementor-element-58c19d97 .elementor-field-group.recaptcha_v3-bottomright{margin-bottom:0;}body.rtl .elementor-349 .elementor-element.elementor-element-58c19d97 .elementor-labels-inline .elementor-field-group > label{padding-left:0px;}body:not(.rtl) .elementor-349 .elementor-element.elementor-element-58c19d97 .elementor-labels-inline .elementor-field-group > label{padding-right:0px;}body .elementor-349 .elementor-element.elementor-element-58c19d97 .elementor-labels-above .elementor-field-group > label{padding-bottom:0px;}.elementor-349 .elementor-element.elementor-element-58c19d97 .elementor-field-group > label{font-family:\"Nunito\", Sans-serif;font-size:14px;font-weight:500;}.elementor-349 .elementor-element.elementor-element-58c19d97 .elementor-field-group .elementor-field, .elementor-349 .elementor-element.elementor-element-58c19d97 .elementor-field-subgroup label{font-family:\"Nunito\", Sans-serif;font-size:15px;line-height:17px;}.elementor-349 .elementor-element.elementor-element-58c19d97 .elementor-field-group .elementor-field:not(.elementor-select-wrapper){background-color:transparent;border-color:#A89F80;border-width:1px 1px 1px 1px;border-radius:2px 2px 2px 2px;}.elementor-349 .elementor-element.elementor-element-58c19d97 .elementor-field-group .elementor-select-wrapper select{background-color:transparent;border-color:#A89F80;border-width:1px 1px 1px 1px;border-radius:2px 2px 2px 2px;}.elementor-349 .elementor-element.elementor-element-58c19d97 .elementor-field-group .elementor-select-wrapper::before{color:#A89F80;}.elementor-349 .elementor-element.elementor-element-58c19d97 .elementor-button{font-family:\"Nunito\", Sans-serif;font-size:14px;font-weight:600;border-radius:4px 4px 4px 4px;}.elementor-349 .elementor-element.elementor-element-58c19d97 .e-form__buttons__wrapper__button-next{background-color:#0D9488;color:#FFFFFF;}.elementor-349 .elementor-element.elementor-element-58c19d97 .elementor-button[type=\"submit\"]{background-color:#0D9488;color:#FFFFFF;}.elementor-349 .elementor-element.elementor-element-58c19d97 .elementor-button[type=\"submit\"] svg *{fill:#FFFFFF;}.elementor-349 .elementor-element.elementor-element-58c19d97 .e-form__buttons__wrapper__button-previous{color:#ffffff;}.elementor-349 .elementor-element.elementor-element-58c19d97 .e-form__buttons__wrapper__button-next:hover{color:#ffffff;}.elementor-349 .elementor-element.elementor-element-58c19d97 .elementor-button[type=\"submit\"]:hover{color:#ffffff;}.elementor-349 .elementor-element.elementor-element-58c19d97 .elementor-button[type=\"submit\"]:hover svg *{fill:#ffffff;}.elementor-349 .elementor-element.elementor-element-58c19d97 .e-form__buttons__wrapper__button-previous:hover{color:#ffffff;}.elementor-349 .elementor-element.elementor-element-58c19d97{--e-form-steps-indicators-spacing:20px;--e-form-steps-indicator-padding:30px;--e-form-steps-indicator-inactive-secondary-color:#ffffff;--e-form-steps-indicator-active-secondary-color:#ffffff;--e-form-steps-indicator-completed-secondary-color:#ffffff;--e-form-steps-divider-width:1px;--e-form-steps-divider-gap:10px;}@media(max-width:1024px){.elementor-349 .elementor-element.elementor-element-a45284b > .elementor-shape-bottom svg{width:calc(129% + 1.3px);height:139px;}.elementor-349 .elementor-element.elementor-element-a45284b{padding:160px 0px 90px 0px;}.elementor-349 .elementor-element.elementor-element-8cf0651 .elementor-heading-title{font-size:var( --e-global-typography-0056fda-font-size );line-height:var( --e-global-typography-0056fda-line-height );}.elementor-349 .elementor-element.elementor-element-ef859b8 .elementor-icon-list-item > .elementor-icon-list-text, .elementor-349 .elementor-element.elementor-element-ef859b8 .elementor-icon-list-item > a{font-size:var( --e-global-typography-accent-font-size );}}@media(max-width:767px){.elementor-349 .elementor-element.elementor-element-a45284b > .elementor-shape-bottom svg{width:calc(138% + 1.3px);height:106px;}.elementor-349 .elementor-element.elementor-element-a45284b{padding:160px 0px 90px 0px;}.elementor-349 .elementor-element.elementor-element-8cf0651 .elementor-heading-title{font-size:var( --e-global-typography-0056fda-font-size );line-height:var( --e-global-typography-0056fda-line-height );}.elementor-349 .elementor-element.elementor-element-ef859b8 .elementor-icon-list-item > .elementor-icon-list-text, .elementor-349 .elementor-element.elementor-element-ef859b8 .elementor-icon-list-item > a{font-size:var( --e-global-typography-accent-font-size );}.elementor-349 .elementor-element.elementor-element-62545e76{padding:40px 20px 40px 20px;}.elementor-349 .elementor-element.elementor-element-486363a .elementor-heading-title{font-size:28px;}}\/* Start custom CSS for form, class: .elementor-element-58c19d97 *\/input{\n    padding: 0px ;\n    \n}\/* End custom CSS *\/<\/style>\t\t<div data-elementor-type=\"wp-page\" data-elementor-id=\"349\" class=\"elementor elementor-349\" data-elementor-post-type=\"page\">\n\t\t\t\t\t\t<section class=\"elementor-section elementor-top-section elementor-element elementor-element-a45284b elementor-section-boxed elementor-section-height-default elementor-section-height-default\" data-id=\"a45284b\" data-element_type=\"section\" data-settings=\"{&quot;background_background&quot;:&quot;classic&quot;,&quot;shape_divider_bottom&quot;:&quot;curve&quot;,&quot;shape_divider_bottom_negative&quot;:&quot;yes&quot;}\">\n\t\t\t\t\t\t\t<div class=\"elementor-background-overlay\"><\/div>\n\t\t\t\t\t\t<div class=\"elementor-shape elementor-shape-bottom\" aria-hidden=\"true\" data-negative=\"true\">\n\t\t\t<svg xmlns=\"http:\/\/www.w3.org\/2000\/svg\" viewBox=\"0 0 1000 100\" preserveAspectRatio=\"none\">\n\t<path class=\"elementor-shape-fill\" d=\"M500,97C126.7,96.3,0.8,19.8,0,0v100l1000,0V1C1000,19.4,873.3,97.8,500,97z\"\/>\n<\/svg>\t\t<\/div>\n\t\t\t\t\t<div class=\"elementor-container elementor-column-gap-default\">\n\t\t\t\t\t<div class=\"elementor-column elementor-col-100 elementor-top-column elementor-element elementor-element-a363bda\" data-id=\"a363bda\" data-element_type=\"column\">\n\t\t\t<div class=\"elementor-widget-wrap elementor-element-populated\">\n\t\t\t\t\t\t<div class=\"elementor-element elementor-element-8cf0651 elementor-widget elementor-widget-heading\" data-id=\"8cf0651\" data-element_type=\"widget\" data-widget_type=\"heading.default\">\n\t\t\t\t\t<h2 class=\"elementor-heading-title elementor-size-default\">Contact Us<\/h2>\t\t\t\t<\/div>\n\t\t\t\t<div class=\"elementor-element elementor-element-ef859b8 elementor-icon-list--layout-inline elementor-align-center elementor-list-item-link-full_width elementor-widget elementor-widget-icon-list\" data-id=\"ef859b8\" data-element_type=\"widget\" data-widget_type=\"icon-list.default\">\n\t\t\t\t\t\t\t<ul class=\"elementor-icon-list-items elementor-inline-items\">\n\t\t\t\t\t\t\t<li class=\"elementor-icon-list-item elementor-inline-item\">\n\t\t\t\t\t\t\t\t\t\t<span class=\"elementor-icon-list-text\">Home<\/span>\n\t\t\t\t\t\t\t\t\t<\/li>\n\t\t\t\t\t\t\t\t<li class=\"elementor-icon-list-item elementor-inline-item\">\n\t\t\t\t\t\t\t\t\t\t\t<span class=\"elementor-icon-list-icon\">\n\t\t\t\t\t\t\t<svg aria-hidden=\"true\" class=\"e-font-icon-svg e-fas-chevron-right\" viewBox=\"0 0 320 512\" xmlns=\"http:\/\/www.w3.org\/2000\/svg\"><path d=\"M285.476 272.971L91.132 467.314c-9.373 9.373-24.569 9.373-33.941 0l-22.667-22.667c-9.357-9.357-9.375-24.522-.04-33.901L188.505 256 34.484 101.255c-9.335-9.379-9.317-24.544.04-33.901l22.667-22.667c9.373-9.373 24.569-9.373 33.941 0L285.475 239.03c9.373 9.372 9.373 24.568.001 33.941z\"><\/path><\/svg>\t\t\t\t\t\t<\/span>\n\t\t\t\t\t\t\t\t\t\t<span class=\"elementor-icon-list-text\">Contact<\/span>\n\t\t\t\t\t\t\t\t\t<\/li>\n\t\t\t\t\t\t<\/ul>\n\t\t\t\t\t\t<\/div>\n\t\t\t\t\t<\/div>\n\t\t<\/div>\n\t\t\t\t\t<\/div>\n\t\t<\/section>\n\t\t\t\t<section class=\"elementor-section elementor-top-section elementor-element elementor-element-62545e76 elementor-section-boxed elementor-section-height-default elementor-section-height-default\" data-id=\"62545e76\" data-element_type=\"section\" data-settings=\"{&quot;background_background&quot;:&quot;classic&quot;}\">\n\t\t\t\t\t\t<div class=\"elementor-container elementor-column-gap-default\">\n\t\t\t\t\t<div class=\"elementor-column elementor-col-100 elementor-top-column elementor-element elementor-element-280350e\" data-id=\"280350e\" data-element_type=\"column\">\n\t\t\t<div class=\"elementor-widget-wrap elementor-element-populated\">\n\t\t\t\t\t\t<div class=\"elementor-element elementor-element-486363a elementor-widget elementor-widget-heading\" data-id=\"486363a\" data-element_type=\"widget\" data-widget_type=\"heading.default\">\n\t\t\t\t\t<h1 class=\"elementor-heading-title elementor-size-default\">Rejoins-nous!<\/h1>\t\t\t\t<\/div>\n\t\t\t\t<div class=\"elementor-element elementor-element-21df9415 elementor-widget elementor-widget-text-editor\" data-id=\"21df9415\" data-element_type=\"widget\" data-widget_type=\"text-editor.default\">\n\t\t\t\t\t\t\t\t\t<p>Tu souhaites accompagner des apprenants et contribuer \u00e0 leur \u00e9panouissement ?<br \/>En stage ou en b\u00e9n\u00e9volat, rejoins une d\u00e9marche engag\u00e9e pour accompagner chaque potentiel vers son envol : compl\u00e8te le formulaire ci-dessous.<\/p>\t\t\t\t\t\t\t\t<\/div>\n\t\t\t\t<div class=\"elementor-element elementor-element-58c19d97 elementor-button-align-start elementor-widget elementor-widget-form\" data-id=\"58c19d97\" data-element_type=\"widget\" data-settings=\"{&quot;step_next_label&quot;:&quot;Next&quot;,&quot;step_previous_label&quot;:&quot;Previous&quot;,&quot;button_width&quot;:&quot;100&quot;,&quot;step_type&quot;:&quot;number_text&quot;,&quot;step_icon_shape&quot;:&quot;circle&quot;}\" data-widget_type=\"form.default\">\n\t\t\t\t\t\t\t<form class=\"elementor-form\" method=\"post\" name=\"Rejoins-nous Form\" aria-label=\"Rejoins-nous Form\">\n\t\t\t<input type=\"hidden\" name=\"post_id\" value=\"349\"\/>\n\t\t\t<input type=\"hidden\" name=\"form_id\" value=\"58c19d97\"\/>\n\t\t\t<input type=\"hidden\" name=\"referer_title\" value=\"Rejoins-nous!\" \/>\n\n\t\t\t\t\t\t\t<input type=\"hidden\" name=\"queried_id\" value=\"349\"\/>\n\t\t\t\n\t\t\t<div class=\"elementor-form-fields-wrapper elementor-labels-above\">\n\t\t\t\t\t\t\t\t<div class=\"elementor-field-type-text elementor-field-group elementor-column elementor-field-group- elementor-col-100 elementor-field-required\">\n\t\t\t\t\t\t\t\t\t\t\t\t<label for=\"form-field-\" class=\"elementor-field-label\">\n\t\t\t\t\t\t\t\tNom \/ pr\u00e9nom\t\t\t\t\t\t\t<\/label>\n\t\t\t\t\t\t\t\t\t\t\t\t\t\t<input size=\"1\" type=\"text\" name=\"form_fields[]\" id=\"form-field-\" class=\"elementor-field elementor-size-sm  elementor-field-textual\" required=\"required\">\n\t\t\t\t\t\t\t\t\t\t\t<\/div>\n\t\t\t\t\t\t\t\t<div class=\"elementor-field-type-email elementor-field-group elementor-column elementor-field-group- elementor-col-100 elementor-field-required\">\n\t\t\t\t\t\t\t\t\t\t\t\t<label for=\"form-field-\" class=\"elementor-field-label\">\n\t\t\t\t\t\t\t\tMail\t\t\t\t\t\t\t<\/label>\n\t\t\t\t\t\t\t\t\t\t\t\t\t\t<input size=\"1\" type=\"email\" name=\"form_fields[]\" id=\"form-field-\" class=\"elementor-field elementor-size-sm  elementor-field-textual\" required=\"required\">\n\t\t\t\t\t\t\t\t\t\t\t<\/div>\n\t\t\t\t\t\t\t\t<div class=\"elementor-field-type-tel elementor-field-group elementor-column elementor-field-group- elementor-col-100 elementor-field-required\">\n\t\t\t\t\t\t\t\t\t\t\t\t<label for=\"form-field-\" class=\"elementor-field-label\">\n\t\t\t\t\t\t\t\tT\u00e9l\u00e9phone\t\t\t\t\t\t\t<\/label>\n\t\t\t\t\t\t\t\t<input size=\"1\" type=\"tel\" name=\"form_fields[]\" id=\"form-field-\" class=\"elementor-field elementor-size-sm  elementor-field-textual\" required=\"required\" pattern=\"[0-9()#&amp;+*-=.]+\" title=\"Only numbers and phone characters (#, -, *, etc) are accepted.\">\n\n\t\t\t\t\t\t<\/div>\n\t\t\t\t\t\t\t\t<div class=\"elementor-field-type-select elementor-field-group elementor-column elementor-field-group- elementor-col-100 elementor-field-required\">\n\t\t\t\t\t\t\t\t\t\t\t\t<label for=\"form-field-\" class=\"elementor-field-label\">\n\t\t\t\t\t\t\t\tProfil : en choix d\u00e9roulant \t\t\t\t\t\t\t<\/label>\n\t\t\t\t\t\t\t\t<div class=\"elementor-field elementor-select-wrapper remove-before \">\n\t\t\t<div class=\"select-caret-down-wrapper\">\n\t\t\t\t<svg aria-hidden=\"true\" class=\"e-font-icon-svg e-eicon-caret-down\" viewBox=\"0 0 571.4 571.4\" xmlns=\"http:\/\/www.w3.org\/2000\/svg\"><path d=\"M571 393Q571 407 561 418L311 668Q300 679 286 679T261 668L11 418Q0 407 0 393T11 368 36 357H536Q550 357 561 368T571 393Z\"><\/path><\/svg>\t\t\t<\/div>\n\t\t\t<select name=\"form_fields[]\" id=\"form-field-\" class=\"elementor-field-textual elementor-size-sm\" required=\"required\">\n\t\t\t\t\t\t\t\t\t<option value=\"Logop\u00e8de\">Logop\u00e8de<\/option>\n\t\t\t\t\t\t\t\t\t<option value=\"Enseignant\">Enseignant<\/option>\n\t\t\t\t\t\t\t\t\t<option value=\"Neuropsychologue\">Neuropsychologue<\/option>\n\t\t\t\t\t\t\t\t\t<option value=\"Orthop\u00e9dagogue\">Orthop\u00e9dagogue<\/option>\n\t\t\t\t\t\t\t\t\t<option value=\"Ergoth\u00e9rapeute\">Ergoth\u00e9rapeute<\/option>\n\t\t\t\t\t\t\t\t\t<option value=\"Kin\u00e9sith\u00e9rapeute\">Kin\u00e9sith\u00e9rapeute<\/option>\n\t\t\t\t\t\t\t\t\t<option value=\"Psychologue\">Psychologue<\/option>\n\t\t\t\t\t\t\t\t\t<option value=\"Sciences de l&#039;\u00e9ducation\">Sciences de l&#039;\u00e9ducation<\/option>\n\t\t\t\t\t\t\t\t\t<option value=\"Autres\">Autres<\/option>\n\t\t\t\t\t\t\t<\/select>\n\t\t<\/div>\n\t\t\t\t\t\t<\/div>\n\t\t\t\t\t\t\t\t<div class=\"elementor-field-type-text elementor-field-group elementor-column elementor-field-group- elementor-col-100 elementor-field-required\">\n\t\t\t\t\t\t\t\t\t\t\t\t<label for=\"form-field-\" class=\"elementor-field-label\">\n\t\t\t\t\t\t\t\tFormation acad\u00e9mique ou en cours?\t\t\t\t\t\t\t<\/label>\n\t\t\t\t\t\t\t\t\t\t\t\t\t\t<input size=\"1\" type=\"text\" name=\"form_fields[]\" id=\"form-field-\" class=\"elementor-field elementor-size-sm  elementor-field-textual\" required=\"required\">\n\t\t\t\t\t\t\t\t\t\t\t<\/div>\n\t\t\t\t\t\t\t\t<div class=\"elementor-field-type-select elementor-field-group elementor-column elementor-field-group- elementor-col-100 elementor-field-required\">\n\t\t\t\t\t\t\t\t\t\t\t\t<label for=\"form-field-\" class=\"elementor-field-label\">\n\t\t\t\t\t\t\t\tAvez-vous de l'exp\u00e9rience avec des \u00e9l\u00e8ves \u00e0 besoins sp\u00e9cifiques oui ou non?\t\t\t\t\t\t\t<\/label>\n\t\t\t\t\t\t\t\t<div class=\"elementor-field elementor-select-wrapper remove-before \">\n\t\t\t<div class=\"select-caret-down-wrapper\">\n\t\t\t\t<svg aria-hidden=\"true\" class=\"e-font-icon-svg e-eicon-caret-down\" viewBox=\"0 0 571.4 571.4\" xmlns=\"http:\/\/www.w3.org\/2000\/svg\"><path d=\"M571 393Q571 407 561 418L311 668Q300 679 286 679T261 668L11 418Q0 407 0 393T11 368 36 357H536Q550 357 561 368T571 393Z\"><\/path><\/svg>\t\t\t<\/div>\n\t\t\t<select name=\"form_fields[]\" id=\"form-field-\" class=\"elementor-field-textual elementor-size-sm\" required=\"required\">\n\t\t\t\t\t\t\t\t\t<option value=\"Logop\u00e8de Oui\">Oui<\/option>\n\t\t\t\t\t\t\t\t\t<option value=\"Enseignant Non\">Non<\/option>\n\t\t\t\t\t\t\t<\/select>\n\t\t<\/div>\n\t\t\t\t\t\t<\/div>\n\t\t\t\t\t\t\t\t<div class=\"elementor-field-type-textarea elementor-field-group elementor-column elementor-field-group- elementor-col-100 elementor-field-required\">\n\t\t\t\t\t\t\t\t\t\t\t\t<label for=\"form-field-\" class=\"elementor-field-label\">\n\t\t\t\t\t\t\t\tQuelles sont vos disponibilit\u00e9s durant la semaine et le w-d?\t\t\t\t\t\t\t<\/label>\n\t\t\t\t\t\t<textarea class=\"elementor-field-textual elementor-field  elementor-size-sm\" name=\"form_fields[]\" id=\"form-field-\" rows=\"4\" required=\"required\"><\/textarea>\t\t\t\t<\/div>\n\t\t\t\t\t\t\t\t<div class=\"elementor-field-group elementor-column elementor-field-type-submit elementor-col-100 e-form__buttons\">\n\t\t\t\t\t<button class=\"elementor-button elementor-size-sm\" type=\"submit\">\n\t\t\t\t\t\t<span class=\"elementor-button-content-wrapper\">\n\t\t\t\t\t\t\t\t\t\t\t\t\t\t\t\t\t\t\t\t\t\t<span class=\"elementor-button-text\">Envoyer<\/span>\n\t\t\t\t\t\t\t\t\t\t\t\t\t<\/span>\n\t\t\t\t\t<\/button>\n\t\t\t\t<\/div>\n\t\t\t<\/div>\n\t\t<\/form>\n\t\t\t\t\t\t<\/div>\n\t\t\t\t\t<\/div>\n\t\t<\/div>\n\t\t\t\t\t<\/div>\n\t\t<\/section>\n\t\t\t\t<\/div>\n\t\t","protected":false},"excerpt":{"rendered":"<p>Contact Us Home Contact Rejoins-nous! Tu souhaites accompagner des apprenants et contribuer \u00e0 leur \u00e9panouissement ?En stage ou en b\u00e9n\u00e9volat, [&hellip;]<\/p>\n","protected":false},"author":2,"featured_media":0,"parent":0,"menu_order":0,"comment_status":"closed","ping_status":"closed","template":"elementor_header_footer","meta":{"site-sidebar-layout":"no-sidebar","site-content-layout":"","ast-site-content-layout":"full-width-container","site-content-style":"default","site-sidebar-style":"default","ast-global-header-display":"","ast-banner-title-visibility":"","ast-main-header-display":"","ast-hfb-above-header-display":"","ast-hfb-below-header-display":"","ast-hfb-mobile-header-display":"","site-post-title":"","ast-breadcrumbs-content":"","ast-featured-img":"disabled","footer-sml-layout":"","ast-disable-related-posts":"","theme-transparent-header-meta":"","adv-header-id-meta":"","stick-header-meta":"","header-above-stick-meta":"","header-main-stick-meta":"","header-below-stick-meta":"","astra-migrate-meta-layouts":"default","ast-page-background-enabled":"default","ast-page-background-meta":{"desktop":{"background-color":"var(--ast-global-color-5)","background-image":"","background-repeat":"repeat","background-position":"center center","background-size":"auto","background-attachment":"scroll","background-type":"","background-media":"","overlay-type":"","overlay-color":"","overlay-opacity":"","overlay-gradient":""},"tablet":{"background-color":"","background-image":"","background-repeat":"repeat","background-position":"center center","background-size":"auto","background-attachment":"scroll","background-type":"","background-media":"","overlay-type":"","overlay-color":"","overlay-opacity":"","overlay-gradient":""},"mobile":{"background-color":"","background-image":"","background-repeat":"repeat","background-position":"center center","background-size":"auto","background-attachment":"scroll","background-type":"","background-media":"","overlay-type":"","overlay-color":"","overlay-opacity":"","overlay-gradient":""}},"ast-content-background-meta":{"desktop":{"background-color":"var(--ast-global-color-4)","background-image":"","background-repeat":"repeat","background-position":"center center","background-size":"auto","background-attachment":"scroll","background-type":"","background-media":"","overlay-type":"","overlay-color":"","overlay-opacity":"","overlay-gradient":""},"tablet":{"background-color":"var(--ast-global-color-4)","background-image":"","background-repeat":"repeat","background-position":"center center","background-size":"auto","background-attachment":"scroll","background-type":"","background-media":"","overlay-type":"","overlay-color":"","overlay-opacity":"","overlay-gradient":""},"mobile":{"background-color":"var(--ast-global-color-4)","background-image":"","background-repeat":"repeat","background-position":"center center","background-size":"auto","background-attachment":"scroll","background-type":"","background-media":"","overlay-type":"","overlay-color":"","overlay-opacity":"","overlay-gradient":""}},"footnotes":""},"class_list":["post-349","page","type-page","status-publish","hentry"],"_links":{"self":[{"href":"https:\/\/halopedago.be\/index.php\/wp-json\/wp\/v2\/pages\/349","targetHints":{"allow":["GET"]}}],"collection":[{"href":"https:\/\/halopedago.be\/index.php\/wp-json\/wp\/v2\/pages"}],"about":[{"href":"https:\/\/halopedago.be\/index.php\/wp-json\/wp\/v2\/types\/page"}],"author":[{"embeddable":true,"href":"https:\/\/halopedago.be\/index.php\/wp-json\/wp\/v2\/users\/2"}],"replies":[{"embeddable":true,"href":"https:\/\/halopedago.be\/index.php\/wp-json\/wp\/v2\/comments?post=349"}],"version-history":[{"count":0,"href":"https:\/\/halopedago.be\/index.php\/wp-json\/wp\/v2\/pages\/349\/revisions"}],"wp:attachment":[{"href":"https:\/\/halopedago.be\/index.php\/wp-json\/wp\/v2\/media?parent=349"}],"curies":[{"name":"wp","href":"https:\/\/api.w.org\/{rel}","templated":true}]}}